{"id":11,"date":"2022-07-25T16:20:39","date_gmt":"2022-07-25T14:20:39","guid":{"rendered":"https:\/\/zenitha.cz\/cviceni\/?page_id=11"},"modified":"2024-01-23T21:17:20","modified_gmt":"2024-01-23T20:17:20","slug":"verim-pohybu","status":"publish","type":"page","link":"https:\/\/spiritfit.cz\/en\/","title":{"rendered":"V\u011b\u0159\u00edm pohybu"},"content":{"rendered":"<p class=\"has-text-align-center\"><strong>V\u00edtejte na str\u00e1nk\u00e1ch Heleny Svobodov\u00e9 &#8211; lektorky pilates a j\u00f3gy<\/strong><\/p>\n\n\n\n<p class=\"has-text-align-center\">V\u00edtejte na m\u00e9 webov\u00e9 prezentaci! Jmenuji se Helena Svobodov\u00e1 a jsem lektorkou pilates a j\u00f3gy. Na t\u011bchto str\u00e1nk\u00e1ch najdete informace o m\u00fdch lekc\u00edch, filozofii cvi\u010den\u00ed a v\u0161echny pot\u0159ebn\u00e9 kontakty.<\/p>","protected":false},"excerpt":{"rendered":"<p>V\u00edtejte na str\u00e1nk\u00e1ch Heleny Svobodov\u00e9 &#8211; lektorky pilates a j\u00f3gy V\u00edtejte na m\u00e9 webov\u00e9 prezentaci! Jmenuji se Helena Svobodov\u00e1 a jsem lektorkou pilates a j\u00f3gy. Na t\u011bchto str\u00e1nk\u00e1ch najdete informace o m\u00fdch lekc\u00edch, filozofii cvi\u010den\u00ed a v\u0161echny pot\u0159ebn\u00e9 kontakty.<\/p>","protected":false},"author":1,"featured_media":0,"parent":0,"menu_order":0,"comment_status":"closed","ping_status":"closed","template":"","meta":{"footnotes":""},"class_list":["post-11","page","type-page","status-publish","hentry"],"_links":{"self":[{"href":"https:\/\/spiritfit.cz\/en\/wp-json\/wp\/v2\/pages\/11","targetHints":{"allow":["GET"]}}],"collection":[{"href":"https:\/\/spiritfit.cz\/en\/wp-json\/wp\/v2\/pages"}],"about":[{"href":"https:\/\/spiritfit.cz\/en\/wp-json\/wp\/v2\/types\/page"}],"author":[{"embeddable":true,"href":"https:\/\/spiritfit.cz\/en\/wp-json\/wp\/v2\/users\/1"}],"replies":[{"embeddable":true,"href":"https:\/\/spiritfit.cz\/en\/wp-json\/wp\/v2\/comments?post=11"}],"version-history":[{"count":9,"href":"https:\/\/spiritfit.cz\/en\/wp-json\/wp\/v2\/pages\/11\/revisions"}],"predecessor-version":[{"id":170,"href":"https:\/\/spiritfit.cz\/en\/wp-json\/wp\/v2\/pages\/11\/revisions\/170"}],"wp:attachment":[{"href":"https:\/\/spiritfit.cz\/en\/wp-json\/wp\/v2\/media?parent=11"}],"curies":[{"name":"wp","href":"https:\/\/api.w.org\/{rel}","templated":true}]}}