{"id":120,"date":"2023-08-02T16:10:18","date_gmt":"2023-08-02T14:10:18","guid":{"rendered":"https:\/\/verimpohybu.cz\/?page_id=120"},"modified":"2023-08-03T10:55:35","modified_gmt":"2023-08-03T08:55:35","slug":"rezervace","status":"publish","type":"page","link":"https:\/\/spiritfit.cz\/en\/rezervace\/","title":{"rendered":"Rezervace"},"content":{"rendered":"<p>Na t\u00e9to str\u00e1nce najdete aktu\u00e1ln\u00ed kalend\u00e1\u0159, kde jsou zobrazeny term\u00edny a \u010dasy lekc\u00ed. Pro rezervaci m\u00edsta na lekci m\u016f\u017eete vyu\u017e\u00edt online rezerva\u010dn\u00ed syst\u00e9m, kter\u00fd je jednoduch\u00fd a rychl\u00fd. R\u00e1da v\u00e1m zodpov\u00edm jak\u00e9koliv dotazy ohledn\u011b rezervace nebo p\u0159ihl\u00e1\u0161en\u00ed.<\/p>\n\n\n\n<figure class=\"wp-block-image size-large\"><img loading=\"lazy\" decoding=\"async\" width=\"1024\" height=\"683\" src=\"https:\/\/verimpohybu.cz\/wp-content\/uploads\/2022\/08\/6-1024x683.jpg\" alt=\"\" class=\"wp-image-31\" srcset=\"https:\/\/spiritfit.cz\/wp-content\/uploads\/2022\/08\/6-1024x683.jpg 1024w, https:\/\/spiritfit.cz\/wp-content\/uploads\/2022\/08\/6-300x200.jpg 300w, https:\/\/spiritfit.cz\/wp-content\/uploads\/2022\/08\/6-768x512.jpg 768w, https:\/\/spiritfit.cz\/wp-content\/uploads\/2022\/08\/6-1536x1024.jpg 1536w, https:\/\/spiritfit.cz\/wp-content\/uploads\/2022\/08\/6-2048x1365.jpg 2048w, https:\/\/spiritfit.cz\/wp-content\/uploads\/2022\/08\/6-18x12.jpg 18w, https:\/\/spiritfit.cz\/wp-content\/uploads\/2022\/08\/6-75x50.jpg 75w, https:\/\/spiritfit.cz\/wp-content\/uploads\/2022\/08\/6-750x500.jpg 750w\" sizes=\"auto, (max-width: 1024px) 100vw, 1024px\" \/><\/figure>","protected":false},"excerpt":{"rendered":"<p>Na t\u00e9to str\u00e1nce najdete aktu\u00e1ln\u00ed kalend\u00e1\u0159, kde jsou zobrazeny term\u00edny a \u010dasy lekc\u00ed. Pro rezervaci m\u00edsta na lekci m\u016f\u017eete vyu\u017e\u00edt online rezerva\u010dn\u00ed syst\u00e9m, kter\u00fd je jednoduch\u00fd a rychl\u00fd. R\u00e1da v\u00e1m zodpov\u00edm jak\u00e9koliv dotazy ohledn\u011b rezervace nebo p\u0159ihl\u00e1\u0161en\u00ed.<\/p>","protected":false},"author":1,"featured_media":0,"parent":0,"menu_order":0,"comment_status":"closed","ping_status":"closed","template":"","meta":{"footnotes":""},"class_list":["post-120","page","type-page","status-publish","hentry"],"_links":{"self":[{"href":"https:\/\/spiritfit.cz\/en\/wp-json\/wp\/v2\/pages\/120","targetHints":{"allow":["GET"]}}],"collection":[{"href":"https:\/\/spiritfit.cz\/en\/wp-json\/wp\/v2\/pages"}],"about":[{"href":"https:\/\/spiritfit.cz\/en\/wp-json\/wp\/v2\/types\/page"}],"author":[{"embeddable":true,"href":"https:\/\/spiritfit.cz\/en\/wp-json\/wp\/v2\/users\/1"}],"replies":[{"embeddable":true,"href":"https:\/\/spiritfit.cz\/en\/wp-json\/wp\/v2\/comments?post=120"}],"version-history":[{"count":3,"href":"https:\/\/spiritfit.cz\/en\/wp-json\/wp\/v2\/pages\/120\/revisions"}],"predecessor-version":[{"id":137,"href":"https:\/\/spiritfit.cz\/en\/wp-json\/wp\/v2\/pages\/120\/revisions\/137"}],"wp:attachment":[{"href":"https:\/\/spiritfit.cz\/en\/wp-json\/wp\/v2\/media?parent=120"}],"curies":[{"name":"wp","href":"https:\/\/api.w.org\/{rel}","templated":true}]}}