{"id":126,"date":"2023-08-02T16:21:27","date_gmt":"2023-08-02T14:21:27","guid":{"rendered":"https:\/\/verimpohybu.cz\/?page_id=126"},"modified":"2025-01-31T10:54:22","modified_gmt":"2025-01-31T09:54:22","slug":"kontakt","status":"publish","type":"page","link":"https:\/\/spiritfit.cz\/en\/kontakt\/","title":{"rendered":"Kontakt"},"content":{"rendered":"<p>Pokud m\u00e1te n\u011bjak\u00e9 ot\u00e1zky nebo byste se cht\u011bli dozv\u011bd\u011bt v\u00edce informac\u00ed o m\u00fdch lekc\u00edch, nev\u00e1hejte m\u011b kontaktovat. R\u00e1da v\u00e1m odpov\u00edm a poskytnu ve\u0161kerou pot\u0159ebnou pomoc.<\/p>\n\n\n\n<p>T\u011b\u0161\u00edm se na setk\u00e1n\u00ed s v\u00e1mi na na\u0161ich lekc\u00edch!<\/p>\n\n\n\n<p>Helena Svobodov\u00e1<\/p>\n\n\n\n<p>Kone\u010dn\u00e9ho n\u00e1m\u011bst\u00ed 50\/1, 602 00, Brno \u2013 Veve\u0159\u00ed<\/p>\n\n\n\n<p>I\u010c: 07922388<\/p>\n\n\n\n<p><a href=\"mailto:spiritfit@seznam.cz\">spiritfit@seznam.cz<\/a><\/p>\n\n\n\n<figure class=\"wp-block-image size-large\"><img loading=\"lazy\" decoding=\"async\" width=\"1024\" height=\"683\" src=\"https:\/\/verimpohybu.cz\/wp-content\/uploads\/2022\/08\/4-1024x683.jpg\" alt=\"\" class=\"wp-image-29\" srcset=\"https:\/\/spiritfit.cz\/wp-content\/uploads\/2022\/08\/4-1024x683.jpg 1024w, https:\/\/spiritfit.cz\/wp-content\/uploads\/2022\/08\/4-300x200.jpg 300w, https:\/\/spiritfit.cz\/wp-content\/uploads\/2022\/08\/4-768x512.jpg 768w, https:\/\/spiritfit.cz\/wp-content\/uploads\/2022\/08\/4-1536x1024.jpg 1536w, https:\/\/spiritfit.cz\/wp-content\/uploads\/2022\/08\/4-2048x1365.jpg 2048w, https:\/\/spiritfit.cz\/wp-content\/uploads\/2022\/08\/4-18x12.jpg 18w, https:\/\/spiritfit.cz\/wp-content\/uploads\/2022\/08\/4-75x50.jpg 75w, https:\/\/spiritfit.cz\/wp-content\/uploads\/2022\/08\/4-750x500.jpg 750w\" sizes=\"auto, (max-width: 1024px) 100vw, 1024px\" \/><\/figure>","protected":false},"excerpt":{"rendered":"<p>Pokud m\u00e1te n\u011bjak\u00e9 ot\u00e1zky nebo byste se cht\u011bli dozv\u011bd\u011bt v\u00edce informac\u00ed o m\u00fdch lekc\u00edch, nev\u00e1hejte m\u011b kontaktovat. R\u00e1da v\u00e1m odpov\u00edm a poskytnu ve\u0161kerou pot\u0159ebnou pomoc. T\u011b\u0161\u00edm se na setk\u00e1n\u00ed s v\u00e1mi na na\u0161ich lekc\u00edch! Helena Svobodov\u00e1 Kone\u010dn\u00e9ho n\u00e1m\u011bst\u00ed 50\/1, 602 00, Brno \u2013 Veve\u0159\u00ed I\u010c: 07922388 spiritfit@seznam.cz<\/p>","protected":false},"author":1,"featured_media":0,"parent":0,"menu_order":0,"comment_status":"closed","ping_status":"closed","template":"","meta":{"footnotes":""},"class_list":["post-126","page","type-page","status-publish","hentry"],"_links":{"self":[{"href":"https:\/\/spiritfit.cz\/en\/wp-json\/wp\/v2\/pages\/126","targetHints":{"allow":["GET"]}}],"collection":[{"href":"https:\/\/spiritfit.cz\/en\/wp-json\/wp\/v2\/pages"}],"about":[{"href":"https:\/\/spiritfit.cz\/en\/wp-json\/wp\/v2\/types\/page"}],"author":[{"embeddable":true,"href":"https:\/\/spiritfit.cz\/en\/wp-json\/wp\/v2\/users\/1"}],"replies":[{"embeddable":true,"href":"https:\/\/spiritfit.cz\/en\/wp-json\/wp\/v2\/comments?post=126"}],"version-history":[{"count":5,"href":"https:\/\/spiritfit.cz\/en\/wp-json\/wp\/v2\/pages\/126\/revisions"}],"predecessor-version":[{"id":187,"href":"https:\/\/spiritfit.cz\/en\/wp-json\/wp\/v2\/pages\/126\/revisions\/187"}],"wp:attachment":[{"href":"https:\/\/spiritfit.cz\/en\/wp-json\/wp\/v2\/media?parent=126"}],"curies":[{"name":"wp","href":"https:\/\/api.w.org\/{rel}","templated":true}]}}