{"id":40,"date":"2022-09-06T15:38:40","date_gmt":"2022-09-06T13:38:40","guid":{"rendered":"https:\/\/zenitha.cz\/cviceni\/?page_id=40"},"modified":"2023-10-29T20:22:17","modified_gmt":"2023-10-29T19:22:17","slug":"bylinky","status":"publish","type":"page","link":"https:\/\/spiritfit.cz\/en\/bylinky\/","title":{"rendered":"Herbs"},"content":{"rendered":"<p>Obsah t\u00e9to str\u00e1nky bude dostupn\u00fd v bl\u00edzk\u00e9 budoucnosti.<\/p>","protected":false},"excerpt":{"rendered":"<p>Obsah t\u00e9to str\u00e1nky bude dostupn\u00fd v bl\u00edzk\u00e9 budoucnosti.<\/p>","protected":false},"author":1,"featured_media":0,"parent":0,"menu_order":0,"comment_status":"closed","ping_status":"closed","template":"","meta":{"footnotes":""},"class_list":["post-40","page","type-page","status-publish","hentry"],"_links":{"self":[{"href":"https:\/\/spiritfit.cz\/en\/wp-json\/wp\/v2\/pages\/40","targetHints":{"allow":["GET"]}}],"collection":[{"href":"https:\/\/spiritfit.cz\/en\/wp-json\/wp\/v2\/pages"}],"about":[{"href":"https:\/\/spiritfit.cz\/en\/wp-json\/wp\/v2\/types\/page"}],"author":[{"embeddable":true,"href":"https:\/\/spiritfit.cz\/en\/wp-json\/wp\/v2\/users\/1"}],"replies":[{"embeddable":true,"href":"https:\/\/spiritfit.cz\/en\/wp-json\/wp\/v2\/comments?post=40"}],"version-history":[{"count":2,"href":"https:\/\/spiritfit.cz\/en\/wp-json\/wp\/v2\/pages\/40\/revisions"}],"predecessor-version":[{"id":166,"href":"https:\/\/spiritfit.cz\/en\/wp-json\/wp\/v2\/pages\/40\/revisions\/166"}],"wp:attachment":[{"href":"https:\/\/spiritfit.cz\/en\/wp-json\/wp\/v2\/media?parent=40"}],"curies":[{"name":"wp","href":"https:\/\/api.w.org\/{rel}","templated":true}]}}